{"id":32,"date":"2024-12-04T10:07:47","date_gmt":"2024-12-04T15:07:47","guid":{"rendered":"https:\/\/salontresbeau.org\/?page_id=32"},"modified":"2024-12-16T14:52:40","modified_gmt":"2024-12-16T19:52:40","slug":"accueil","status":"publish","type":"page","link":"https:\/\/salontresbeau.org\/en\/","title":{"rendered":"Home"},"content":{"rendered":"\t\t<div data-elementor-type=\"wp-page\" data-elementor-id=\"32\" class=\"elementor elementor-32\" data-elementor-post-type=\"page\">\n\t\t\t\t<div class=\"elementor-element elementor-element-70220667 e-flex e-con-boxed e-con e-parent\" data-id=\"70220667\" data-element_type=\"container\" data-e-type=\"container\" data-settings=\"{&quot;background_background&quot;:&quot;slideshow&quot;,&quot;background_slideshow_gallery&quot;:[{&quot;id&quot;:328,&quot;url&quot;:&quot;https:\\\/\\\/h36.36b.myftpupload.com\\\/wp-content\\\/uploads\\\/2024\\\/12\\\/Manucure-La-Prairie.jpg&quot;},{&quot;id&quot;:334,&quot;url&quot;:&quot;https:\\\/\\\/h36.36b.myftpupload.com\\\/wp-content\\\/uploads\\\/2024\\\/12\\\/Extensions-de-cils-La-Prairie-1.jpg&quot;},{&quot;id&quot;:330,&quot;url&quot;:&quot;https:\\\/\\\/h36.36b.myftpupload.com\\\/wp-content\\\/uploads\\\/2024\\\/12\\\/Pedicure-La-Prairie.jpg&quot;}],&quot;background_slideshow_lazyload&quot;:&quot;yes&quot;,&quot;background_slideshow_ken_burns&quot;:&quot;yes&quot;,&quot;background_slideshow_loop&quot;:&quot;yes&quot;,&quot;background_slideshow_slide_duration&quot;:5000,&quot;background_slideshow_slide_transition&quot;:&quot;fade&quot;,&quot;background_slideshow_transition_duration&quot;:500,&quot;background_slideshow_ken_burns_zoom_direction&quot;:&quot;in&quot;}\">\n\t\t\t\t\t<div class=\"e-con-inner\">\n\t\t<div class=\"elementor-element elementor-element-e25e549 e-con-full e-flex e-con e-child\" data-id=\"e25e549\" data-element_type=\"container\" data-e-type=\"container\">\n\t\t\t\t<div class=\"elementor-element elementor-element-71ceb573 elementor-widget elementor-widget-heading\" data-id=\"71ceb573\" data-element_type=\"widget\" data-e-type=\"widget\" data-widget_type=\"heading.default\">\n\t\t\t\t<div class=\"elementor-widget-container\">\n\t\t\t\t\t<h6 class=\"elementor-heading-title elementor-size-default\">Spa &amp; Beaut\u00e9<\/h6>\t\t\t\t<\/div>\n\t\t\t\t<\/div>\n\t\t\t\t<div class=\"elementor-element elementor-element-99ef901 elementor-widget elementor-widget-image\" data-id=\"99ef901\" data-element_type=\"widget\" data-e-type=\"widget\" data-widget_type=\"image.default\">\n\t\t\t\t<div class=\"elementor-widget-container\">\n\t\t\t\t\t\t\t\t\t\t\t\t\t\t\t<img fetchpriority=\"high\" decoding=\"async\" width=\"450\" height=\"200\" src=\"https:\/\/salontresbeau.org\/wp-content\/uploads\/2024\/12\/Logo-blanc-1.png\" class=\"attachment-full size-full wp-image-855\" alt=\"\" srcset=\"https:\/\/salontresbeau.org\/wp-content\/uploads\/2024\/12\/Logo-blanc-1.png 450w, https:\/\/salontresbeau.org\/wp-content\/uploads\/2024\/12\/Logo-blanc-1-300x133.png 300w\" sizes=\"(max-width: 450px) 100vw, 450px\" \/>\t\t\t\t\t\t\t\t\t\t\t\t\t\t\t<\/div>\n\t\t\t\t<\/div>\n\t\t\t\t<div class=\"elementor-element elementor-element-789d9fc6 elementor-widget elementor-widget-text-editor\" data-id=\"789d9fc6\" data-element_type=\"widget\" data-e-type=\"widget\" data-widget_type=\"text-editor.default\">\n\t\t\t\t<div class=\"elementor-widget-container\">\n\t\t\t\t\t\t\t\t\t<p>Offrez-vous une grande exp\u00e9rience!<\/p>\t\t\t\t\t\t\t\t<\/div>\n\t\t\t\t<\/div>\n\t\t<div class=\"elementor-element elementor-element-fb50b02 e-con-full e-flex e-con e-child\" data-id=\"fb50b02\" data-element_type=\"container\" data-e-type=\"container\">\n\t\t\t\t<div class=\"elementor-element elementor-element-abf2233 elementor-widget__width-auto elementor-widget elementor-widget-button\" data-id=\"abf2233\" data-element_type=\"widget\" data-e-type=\"widget\" data-widget_type=\"button.default\">\n\t\t\t\t<div class=\"elementor-widget-container\">\n\t\t\t\t\t\t\t\t\t<div class=\"elementor-button-wrapper\">\n\t\t\t\t\t<a class=\"elementor-button elementor-button-link elementor-size-sm\" href=\"https:\/\/www.fresha.com\/fr\/a\/salon-tres-beau-la-prairie-30-boulevard-taschereau-jchiu4rl?pId=226454\" target=\"_blank\" rel=\"noopener\">\n\t\t\t\t\t\t<span class=\"elementor-button-content-wrapper\">\n\t\t\t\t\t\t\t\t\t<span class=\"elementor-button-text\">R\u00e9servation en ligne<\/span>\n\t\t\t\t\t<\/span>\n\t\t\t\t\t<\/a>\n\t\t\t\t<\/div>\n\t\t\t\t\t\t\t\t<\/div>\n\t\t\t\t<\/div>\n\t\t\t\t<div class=\"elementor-element elementor-element-4d4c683 elementor-widget__width-auto elementor-widget elementor-widget-button\" data-id=\"4d4c683\" data-element_type=\"widget\" data-e-type=\"widget\" data-widget_type=\"button.default\">\n\t\t\t\t<div class=\"elementor-widget-container\">\n\t\t\t\t\t\t\t\t\t<div class=\"elementor-button-wrapper\">\n\t\t\t\t\t<a class=\"elementor-button elementor-button-link elementor-size-sm\" href=\"https:\/\/www.fresha.com\/fr\/a\/salon-tres-beau-la-prairie-30-boulevard-taschereau-jchiu4rl\/vouchers\" target=\"_blank\" rel=\"noopener\">\n\t\t\t\t\t\t<span class=\"elementor-button-content-wrapper\">\n\t\t\t\t\t\t\t\t\t<span class=\"elementor-button-text\">Certificat cadeau<\/span>\n\t\t\t\t\t<\/span>\n\t\t\t\t\t<\/a>\n\t\t\t\t<\/div>\n\t\t\t\t\t\t\t\t<\/div>\n\t\t\t\t<\/div>\n\t\t\t\t<\/div>\n\t\t\t\t<\/div>\n\t\t\t\t\t<\/div>\n\t\t\t\t<\/div>\n\t\t<div class=\"elementor-element elementor-element-5b308de1 e-flex e-con-boxed e-con e-parent\" data-id=\"5b308de1\" data-element_type=\"container\" data-e-type=\"container\">\n\t\t\t\t\t<div class=\"e-con-inner\">\n\t\t<div class=\"elementor-element elementor-element-71c951eb e-con-full e-flex e-con e-child\" data-id=\"71c951eb\" data-element_type=\"container\" data-e-type=\"container\">\n\t\t\t\t<div class=\"elementor-element elementor-element-4db7247 elementor-widget elementor-widget-video\" data-id=\"4db7247\" data-element_type=\"widget\" data-e-type=\"widget\" id=\"myVideo\" data-settings=\"{&quot;video_type&quot;:&quot;hosted&quot;,&quot;autoplay&quot;:&quot;yes&quot;,&quot;play_on_mobile&quot;:&quot;yes&quot;,&quot;mute&quot;:&quot;yes&quot;,&quot;loop&quot;:&quot;yes&quot;}\" data-widget_type=\"video.default\">\n\t\t\t\t<div class=\"elementor-widget-container\">\n\t\t\t\t\t\t\t<div class=\"e-hosted-video elementor-wrapper elementor-open-inline\">\n\t\t\t\t\t<video class=\"elementor-video\" src=\"https:\/\/h36.36b.myftpupload.com\/wp-content\/uploads\/2024\/12\/Sequence-01.mp4\" autoplay=\"\" loop=\"\" muted=\"muted\" playsinline=\"\" controlsList=\"nodownload\"><\/video>\n\t\t\t\t<\/div>\n\t\t\t\t\t\t<\/div>\n\t\t\t\t<\/div>\n\t\t\t\t<\/div>\n\t\t<div class=\"elementor-element elementor-element-1edcbfc7 e-con-full e-flex e-con e-child\" data-id=\"1edcbfc7\" data-element_type=\"container\" data-e-type=\"container\">\n\t\t\t\t<div class=\"elementor-element elementor-element-7d0f0ef7 elementor-widget elementor-widget-heading\" data-id=\"7d0f0ef7\" data-element_type=\"widget\" data-e-type=\"widget\" data-widget_type=\"heading.default\">\n\t\t\t\t<div class=\"elementor-widget-container\">\n\t\t\t\t\t<h1 class=\"elementor-heading-title elementor-size-default\">Salon Tr\u00e8s Beau<\/h1>\t\t\t\t<\/div>\n\t\t\t\t<\/div>\n\t\t\t\t<div class=\"elementor-element elementor-element-145035b elementor-widget elementor-widget-heading\" data-id=\"145035b\" data-element_type=\"widget\" data-e-type=\"widget\" data-widget_type=\"heading.default\">\n\t\t\t\t<div class=\"elementor-widget-container\">\n\t\t\t\t\t<h2 class=\"elementor-heading-title elementor-size-default\">\u00c0 propos de nous<\/h2>\t\t\t\t<\/div>\n\t\t\t\t<\/div>\n\t\t\t\t<div class=\"elementor-element elementor-element-779fd28 elementor-widget elementor-widget-text-editor\" data-id=\"779fd28\" data-element_type=\"widget\" data-e-type=\"widget\" data-widget_type=\"text-editor.default\">\n\t\t\t\t<div class=\"elementor-widget-container\">\n\t\t\t\t\t\t\t\t\t<p>Depuis l&rsquo;ouverture de nos portes \u00e0 La Prairie en 2019, nous avons acquis une place de choix en tant que salon de manucure de premier plan. Nous offrons des <a href=\"\/services\/\">soins de beaut\u00e9<\/a> incomparables, tout en respectant les emplois du temps charg\u00e9s de nos client(e)s, afin de les rendre magnifiques et pr\u00eat(e)s \u00e0 partir dans les plus brefs d\u00e9lais. Au fil des ann\u00e9es, notre \u00e9quipe d&rsquo;experts a eu une mission : faire en sorte que nos clients fid\u00e8les soient sublimes et se sentent au meilleur de leur forme.<\/p><p><a href=\"\/contact\/\">Contactez-nous<\/a> et d\u00e9couvrez ce que notre \u00e9quipe de professionnels qualifi\u00e9s peut faire pour vous d\u00e8s aujourd&rsquo;hui.<\/p><p>Prenez rendez-vous en ligne pour une planification facile!<\/p>\t\t\t\t\t\t\t\t<\/div>\n\t\t\t\t<\/div>\n\t\t<div class=\"elementor-element elementor-element-9246c20 e-con-full e-flex e-con e-child\" data-id=\"9246c20\" data-element_type=\"container\" data-e-type=\"container\">\n\t\t\t\t<div class=\"elementor-element elementor-element-424fa81 elementor-widget__width-auto elementor-widget elementor-widget-button\" data-id=\"424fa81\" data-element_type=\"widget\" data-e-type=\"widget\" data-widget_type=\"button.default\">\n\t\t\t\t<div class=\"elementor-widget-container\">\n\t\t\t\t\t\t\t\t\t<div class=\"elementor-button-wrapper\">\n\t\t\t\t\t<a class=\"elementor-button elementor-button-link elementor-size-sm\" href=\"tel:4502826059\">\n\t\t\t\t\t\t<span class=\"elementor-button-content-wrapper\">\n\t\t\t\t\t\t\t\t\t<span class=\"elementor-button-text\">(450) 282-6059<\/span>\n\t\t\t\t\t<\/span>\n\t\t\t\t\t<\/a>\n\t\t\t\t<\/div>\n\t\t\t\t\t\t\t\t<\/div>\n\t\t\t\t<\/div>\n\t\t\t\t<div class=\"elementor-element elementor-element-5884646d elementor-widget__width-auto elementor-widget elementor-widget-button\" data-id=\"5884646d\" data-element_type=\"widget\" data-e-type=\"widget\" data-widget_type=\"button.default\">\n\t\t\t\t<div class=\"elementor-widget-container\">\n\t\t\t\t\t\t\t\t\t<div class=\"elementor-button-wrapper\">\n\t\t\t\t\t<a class=\"elementor-button elementor-button-link elementor-size-sm\" href=\"\/contact\">\n\t\t\t\t\t\t<span class=\"elementor-button-content-wrapper\">\n\t\t\t\t\t\t\t\t\t<span class=\"elementor-button-text\">Nous contacter<\/span>\n\t\t\t\t\t<\/span>\n\t\t\t\t\t<\/a>\n\t\t\t\t<\/div>\n\t\t\t\t\t\t\t\t<\/div>\n\t\t\t\t<\/div>\n\t\t\t\t<\/div>\n\t\t\t\t<\/div>\n\t\t\t\t\t<\/div>\n\t\t\t\t<\/div>\n\t\t<div class=\"elementor-element elementor-element-37755e62 e-flex e-con-boxed e-con e-parent\" data-id=\"37755e62\" data-element_type=\"container\" data-e-type=\"container\" data-settings=\"{&quot;background_background&quot;:&quot;classic&quot;}\">\n\t\t\t\t\t<div class=\"e-con-inner\">\n\t\t<div class=\"elementor-element elementor-element-30cea6a9 e-con-full e-flex e-con e-child\" data-id=\"30cea6a9\" data-element_type=\"container\" data-e-type=\"container\">\n\t\t\t\t<div class=\"elementor-element elementor-element-59aa0d5e elementor-widget elementor-widget-heading\" data-id=\"59aa0d5e\" data-element_type=\"widget\" data-e-type=\"widget\" data-widget_type=\"heading.default\">\n\t\t\t\t<div class=\"elementor-widget-container\">\n\t\t\t\t\t<h2 class=\"elementor-heading-title elementor-size-default\">Notre politique<\/h2>\t\t\t\t<\/div>\n\t\t\t\t<\/div>\n\t\t\t\t<div class=\"elementor-element elementor-element-7fbcdd7d elementor-widget elementor-widget-text-editor\" data-id=\"7fbcdd7d\" data-element_type=\"widget\" data-e-type=\"widget\" data-widget_type=\"text-editor.default\">\n\t\t\t\t<div class=\"elementor-widget-container\">\n\t\t\t\t\t\t\t\t\t<p>Chez Salon Tr\u00e8s Beau, nous faisons tout notre possible pour garantir \u00e0 nos pr\u00e9cieux clients la meilleure exp\u00e9rience qui soit, depuis le moment o\u00f9 ils franchissent nos portes jusqu&rsquo;\u00e0 leur d\u00e9part de notre salon de manucure incomparable. Prenez un moment pour consulter nos politiques afin de vous assurer de bien comprendre nos proc\u00e9dures op\u00e9rationnelles. Si vous avez des questions, n&rsquo;h\u00e9sitez pas \u00e0 nous contacter, nous serons heureux de vous aider.<\/p><p>\u2022 <strong>Veuillez nous appeler 48 heures \u00e0 l&rsquo;avance pour modifier ou annuler votre rendez-vous. <\/strong><br \/><strong>\u2022 Votre manucure utilisant du gel ou des extensions d&rsquo;ongles est garantie pendant 7 jours apr\u00e8s votre rendez-vous.<\/strong><\/p>\t\t\t\t\t\t\t\t<\/div>\n\t\t\t\t<\/div>\n\t\t\t\t<\/div>\n\t\t\t\t\t<\/div>\n\t\t\t\t<\/div>\n\t\t\t\t<\/div>\n\t\t","protected":false},"excerpt":{"rendered":"<p>Spa &amp; Beaut\u00e9 Offrez-vous une grande exp\u00e9rience! R\u00e9servation en ligne Certificat cadeau https:\/\/h36.36b.myftpupload.com\/wp-content\/uploads\/2024\/12\/Sequence-01.mp4 Salon Tr\u00e8s Beau \u00c0 propos de nous Depuis l&rsquo;ouverture de nos portes \u00e0 La Prairie en 2019, nous avons acquis une place de choix en tant que salon de manucure de premier plan. Nous offrons des soins de beaut\u00e9 incomparables, tout en [&hellip;]<\/p>\n","protected":false},"author":1,"featured_media":851,"parent":0,"menu_order":0,"comment_status":"closed","ping_status":"closed","template":"","meta":{"footnotes":""},"class_list":["post-32","page","type-page","status-publish","has-post-thumbnail","hentry"],"_links":{"self":[{"href":"https:\/\/salontresbeau.org\/en\/wp-json\/wp\/v2\/pages\/32","targetHints":{"allow":["GET"]}}],"collection":[{"href":"https:\/\/salontresbeau.org\/en\/wp-json\/wp\/v2\/pages"}],"about":[{"href":"https:\/\/salontresbeau.org\/en\/wp-json\/wp\/v2\/types\/page"}],"author":[{"embeddable":true,"href":"https:\/\/salontresbeau.org\/en\/wp-json\/wp\/v2\/users\/1"}],"replies":[{"embeddable":true,"href":"https:\/\/salontresbeau.org\/en\/wp-json\/wp\/v2\/comments?post=32"}],"version-history":[{"count":196,"href":"https:\/\/salontresbeau.org\/en\/wp-json\/wp\/v2\/pages\/32\/revisions"}],"predecessor-version":[{"id":990,"href":"https:\/\/salontresbeau.org\/en\/wp-json\/wp\/v2\/pages\/32\/revisions\/990"}],"wp:featuredmedia":[{"embeddable":true,"href":"https:\/\/salontresbeau.org\/en\/wp-json\/wp\/v2\/media\/851"}],"wp:attachment":[{"href":"https:\/\/salontresbeau.org\/en\/wp-json\/wp\/v2\/media?parent=32"}],"curies":[{"name":"wp","href":"https:\/\/api.w.org\/{rel}","templated":true}]}}